{"id":88,"date":"2015-03-06T17:16:13","date_gmt":"2015-03-06T17:16:13","guid":{"rendered":"http:\/\/localhost\/wp\/?page_id=88"},"modified":"2025-01-23T19:54:45","modified_gmt":"2025-01-23T18:54:45","slug":"pro-rodice-5","status":"publish","type":"page","link":"https:\/\/www.lstmanetin.cz\/?page_id=88","title":{"rendered":"Pro rodi\u010de"},"content":{"rendered":"<p><strong>Ostatn\u00ed informace<\/strong><\/p>\n<ul>\n<li>informace a p\u0159ihl\u00e1\u0161ky jsou ke sta\u017een\u00ed v sekci <a href=\"?page_id=25\">DOKUMENTY<\/a>, p\u0159\u00edpadn\u011b V\u00e1m je na po\u017e\u00e1d\u00e1n\u00ed za\u0161leme po\u0161tou,<\/li>\n<li>ned\u00e1vejte d\u011btem v\u011bt\u0161\u00ed mno\u017estv\u00ed j\u00eddla podl\u00e9haj\u00edc\u00ed zk\u00e1ze &#8211; bude jim r\u00e1no z hygienick\u00fdch d\u016fvod\u016f odebr\u00e1no,<\/li>\n<li>p\u0159esto\u017ee je v den n\u00e1stupu zaji\u0161t\u011bna ve\u010de\u0159e, doporu\u010dujeme p\u0159iv\u00e9zt si sebou odpoledn\u00ed sva\u010dinu,<\/li>\n<li>v\u00fd\u0161e t\u00e1borov\u00e9ho poplatku \u010din\u00ed 7.000,- K\u010d,<\/li>\n<li>doporu\u010den\u00e9 kapesn\u00e9 je max 500,- K\u010d &#8211; mo\u017enost n\u00e1kupu je minim\u00e1ln\u00ed<\/li>\n<li>pi\u0161te d\u011btem \u010dasto (adresa je uveden\u00e1 v prav\u00e9m sloupci)<\/li>\n<li>m\u016f\u017eete zanech\u00e1vat vzkazy i na po\u0161t\u011b v Man\u011bt\u00edn\u011b &#8211; po\u0161ta se vyzved\u00e1v\u00e1 v pracovn\u00edch dnech denn\u011b,<\/li>\n<li>ve sv\u00fdch dopisech \u010di zpr\u00e1v\u00e1ch pros\u00edm neu\u017e\u00edvejte v\u00fdraz\u016f typu &#8222;st\u00fdsk\u00e1 se n\u00e1m; jak to tam m\u016f\u017ee\u0161 vydr\u017eet; u\u017e se na Tebe t\u011b\u0161\u00edme; apod.&#8220;<\/li>\n<\/ul>\n","protected":false},"excerpt":{"rendered":"<p>Ostatn\u00ed informace informace a p\u0159ihl\u00e1\u0161ky jsou ke sta\u017een\u00ed v sekci DOKUMENTY, p\u0159\u00edpadn\u011b V\u00e1m je na po\u017e\u00e1d\u00e1n\u00ed za\u0161leme po\u0161tou, ned\u00e1vejte d\u011btem v\u011bt\u0161\u00ed mno\u017estv\u00ed j\u00eddla podl\u00e9haj\u00edc\u00ed zk\u00e1ze &#8211; bude jim r\u00e1no z hygienick\u00fdch d\u016fvod\u016f odebr\u00e1no, p\u0159esto\u017ee je v den n\u00e1stupu zaji\u0161t\u011bna ve\u010de\u0159e, doporu\u010dujeme p\u0159iv\u00e9zt si sebou odpoledn\u00ed sva\u010dinu, v\u00fd\u0161e t\u00e1borov\u00e9ho poplatku \u010din\u00ed 7.000,- K\u010d, doporu\u010den\u00e9 kapesn\u00e9 je [&hellip;]<\/p>\n","protected":false},"author":1,"featured_media":0,"parent":18,"menu_order":0,"comment_status":"closed","ping_status":"closed","template":"","meta":{"footnotes":""},"class_list":["post-88","page","type-page","status-publish","hentry"],"_links":{"self":[{"href":"https:\/\/www.lstmanetin.cz\/index.php?rest_route=\/wp\/v2\/pages\/88","targetHints":{"allow":["GET"]}}],"collection":[{"href":"https:\/\/www.lstmanetin.cz\/index.php?rest_route=\/wp\/v2\/pages"}],"about":[{"href":"https:\/\/www.lstmanetin.cz\/index.php?rest_route=\/wp\/v2\/types\/page"}],"author":[{"embeddable":true,"href":"https:\/\/www.lstmanetin.cz\/index.php?rest_route=\/wp\/v2\/users\/1"}],"replies":[{"embeddable":true,"href":"https:\/\/www.lstmanetin.cz\/index.php?rest_route=%2Fwp%2Fv2%2Fcomments&post=88"}],"version-history":[{"count":8,"href":"https:\/\/www.lstmanetin.cz\/index.php?rest_route=\/wp\/v2\/pages\/88\/revisions"}],"predecessor-version":[{"id":1402,"href":"https:\/\/www.lstmanetin.cz\/index.php?rest_route=\/wp\/v2\/pages\/88\/revisions\/1402"}],"up":[{"embeddable":true,"href":"https:\/\/www.lstmanetin.cz\/index.php?rest_route=\/wp\/v2\/pages\/18"}],"wp:attachment":[{"href":"https:\/\/www.lstmanetin.cz\/index.php?rest_route=%2Fwp%2Fv2%2Fmedia&parent=88"}],"curies":[{"name":"wp","href":"https:\/\/api.w.org\/{rel}","templated":true}]}}