{"id":86,"date":"2015-03-06T17:15:42","date_gmt":"2015-03-06T17:15:42","guid":{"rendered":"http:\/\/localhost\/wp\/?page_id=86"},"modified":"2019-05-27T15:24:44","modified_gmt":"2019-05-27T13:24:44","slug":"pro-rodice-4","status":"publish","type":"page","link":"https:\/\/www.lstmanetin.cz\/?page_id=86","title":{"rendered":"Pro rodi\u010de"},"content":{"rendered":"<p><strong>Manipulace s l\u00e9ky<\/strong><br \/>\nPokud n\u011bkter\u00e9 d\u00edt\u011b dlouhodob\u011b u\u017e\u00edv\u00e1 l\u00e9ky, je vhodn\u00e9 o tom informovat hlavn\u00edho vedouc\u00edho a zdravotn\u00edka p\u0159i n\u00e1stupu d\u00edt\u011bte, i p\u0159esto, \u017ee je d\u00edt\u011b u\u017e\u00edv\u00e1 samostatn\u011b. Pokud d\u00edt\u011b neu\u017e\u00edv\u00e1 l\u00e9ky samostatn\u011b p\u0159edejte je p\u0159i p\u0159ed\u00e1n\u00ed d\u00edt\u011bte hlavn\u00edmu vedouc\u00edmu nebo zdravotn\u00edkovi se jm\u00e9nem d\u00edt\u011bte, ozna\u010den\u00edm l\u00e9ku a p\u0159edev\u0161\u00edm zp\u016fsobem d\u00e1vkov\u00e1n\u00ed a u\u017e\u00edv\u00e1n\u00ed, p\u0159\u00edpadn\u011b dal\u0161\u00edmi pokyny k jejich plnohodnotn\u00e9mu pou\u017e\u00edv\u00e1n\u00ed.<\/p>\n","protected":false},"excerpt":{"rendered":"<p>Manipulace s l\u00e9ky Pokud n\u011bkter\u00e9 d\u00edt\u011b dlouhodob\u011b u\u017e\u00edv\u00e1 l\u00e9ky, je vhodn\u00e9 o tom informovat hlavn\u00edho vedouc\u00edho a zdravotn\u00edka p\u0159i n\u00e1stupu d\u00edt\u011bte, i p\u0159esto, \u017ee je d\u00edt\u011b u\u017e\u00edv\u00e1 samostatn\u011b. Pokud d\u00edt\u011b neu\u017e\u00edv\u00e1 l\u00e9ky samostatn\u011b p\u0159edejte je p\u0159i p\u0159ed\u00e1n\u00ed d\u00edt\u011bte hlavn\u00edmu vedouc\u00edmu nebo zdravotn\u00edkovi se jm\u00e9nem d\u00edt\u011bte, ozna\u010den\u00edm l\u00e9ku a p\u0159edev\u0161\u00edm zp\u016fsobem d\u00e1vkov\u00e1n\u00ed a u\u017e\u00edv\u00e1n\u00ed, p\u0159\u00edpadn\u011b dal\u0161\u00edmi [&hellip;]<\/p>\n","protected":false},"author":1,"featured_media":0,"parent":18,"menu_order":0,"comment_status":"closed","ping_status":"closed","template":"","meta":{"footnotes":""},"class_list":["post-86","page","type-page","status-publish","hentry"],"_links":{"self":[{"href":"https:\/\/www.lstmanetin.cz\/index.php?rest_route=\/wp\/v2\/pages\/86","targetHints":{"allow":["GET"]}}],"collection":[{"href":"https:\/\/www.lstmanetin.cz\/index.php?rest_route=\/wp\/v2\/pages"}],"about":[{"href":"https:\/\/www.lstmanetin.cz\/index.php?rest_route=\/wp\/v2\/types\/page"}],"author":[{"embeddable":true,"href":"https:\/\/www.lstmanetin.cz\/index.php?rest_route=\/wp\/v2\/users\/1"}],"replies":[{"embeddable":true,"href":"https:\/\/www.lstmanetin.cz\/index.php?rest_route=%2Fwp%2Fv2%2Fcomments&post=86"}],"version-history":[{"count":1,"href":"https:\/\/www.lstmanetin.cz\/index.php?rest_route=\/wp\/v2\/pages\/86\/revisions"}],"predecessor-version":[{"id":264,"href":"https:\/\/www.lstmanetin.cz\/index.php?rest_route=\/wp\/v2\/pages\/86\/revisions\/264"}],"up":[{"embeddable":true,"href":"https:\/\/www.lstmanetin.cz\/index.php?rest_route=\/wp\/v2\/pages\/18"}],"wp:attachment":[{"href":"https:\/\/www.lstmanetin.cz\/index.php?rest_route=%2Fwp%2Fv2%2Fmedia&parent=86"}],"curies":[{"name":"wp","href":"https:\/\/api.w.org\/{rel}","templated":true}]}}