{"id":84,"date":"2015-03-06T17:14:54","date_gmt":"2015-03-06T17:14:54","guid":{"rendered":"http:\/\/localhost\/wp\/?page_id=84"},"modified":"2024-02-16T18:53:49","modified_gmt":"2024-02-16T17:53:49","slug":"pro-rodice-3","status":"publish","type":"page","link":"https:\/\/www.lstmanetin.cz\/?page_id=84","title":{"rendered":"Pro rodi\u010de"},"content":{"rendered":"<p><strong>Doporu\u010den\u00e9 vybaven\u00ed na t\u00e1bor<\/strong><br \/>\nDoporu\u010dujeme pro d\u00edt\u011b tuto v\u00fdstroj:<\/p>\n<ul>\n<li>tepl\u00fd spac\u00e1k, karimatku, igelit nebo celtu (pro p\u0159\u00edpad nocov\u00e1n\u00ed mimo t\u00e1bor),<\/li>\n<li>oble\u010den\u00ed na span\u00ed,<\/li>\n<li>j\u00eddeln\u00ed n\u00e1dob\u00ed, kter\u00e9 umo\u017e\u0148uje p\u0159\u00edpravu stravy na ohni (nap\u0159. e\u0161us), l\u017e\u00edce, nerozbitn\u00fd hrne\u010dek, poln\u00ed l\u00e1hev nebo men\u0161\u00ed l\u00e1hev z um\u011bl\u00e9 hmoty,<\/li>\n<li>dostate\u010dn\u00e1 z\u00e1soba spodn\u00edho pr\u00e1dla, kapesn\u00edk\u016f a pono\u017eek, plavky,<\/li>\n<li>osu\u0161ku a ru\u010dn\u00edky,<\/li>\n<li>tepl\u00e1ky, tri\u010dka,<\/li>\n<li>oble\u010den\u00ed do chladn\u00e9ho a de\u0161tiv\u00e9ho po\u010das\u00ed, pl\u00e1\u0161t\u011bnku,<\/li>\n<li>oble\u010den\u00ed na v\u00fdlet do m\u011bsta,<\/li>\n<li>vhodnou obuv do lesa a na sportov\u00e1n\u00ed, leh\u010d\u00ed obuv pro pobyt v t\u00e1bo\u0159e, hol\u00ednky,<\/li>\n<li>vhodnou pokr\u00fdvku hlavy (\u010depice nebo klobouk),<\/li>\n<li>kost\u00fdm nebo maska poj\u00edc\u00ed se k p\u0159\u00edb\u011bhu,<\/li>\n<li>velk\u00fd batoh (kter\u00fd pojme sou\u010dasn\u011b pl\u00e1\u0161t\u011bnku, j\u00eddeln\u00ed n\u00e1dob\u00ed a l\u00e1hev s pit\u00edm), a vhodnou obuv na turistiku.<\/li>\n<\/ul>\n<p>Ostatn\u00ed v\u00fdbava<\/p>\n<ul>\n<li>pot\u0159eby osobn\u00ed hygieny, minim\u00e1ln\u011b 2ks toaletn\u00edho pap\u00edru,<\/li>\n<li>slune\u010dn\u00ed br\u00fdle, kr\u00e9m na opalov\u00e1n\u00ed, repelent,<\/li>\n<li>n\u016f\u017eky, jehlu a nit, barevn\u00e9 bavlnky, b\u00edlou l\u00e1tku 1&#215;2 m (star\u0161\u00ed prost\u011bradlo) &#8211; bude pou\u017eito na v\u00fdrobu oble\u010den\u00ed a dopl\u0148k\u016f, tak\u017ee dojde k jeho znehodnocen\u00ed,<\/li>\n<li>baterku s n\u00e1hradn\u00edmi bateriemi,<\/li>\n<li>kapesn\u00ed no\u017e\u00edk, pr\u00e1deln\u00ed \u0161\u0148\u016fru,<\/li>\n<li>blo\u010dek pap\u00edru a tu\u017eku, kdo r\u00e1d maluje m\u016f\u017ee i pastelky nebo fixy,<\/li>\n<li>minim\u00e1ln\u011b 6 ks sv\u00ed\u010dek v kel\u00edmku (h\u0159bitovn\u00edch).<\/li>\n<\/ul>\n<p>Do v\u00fdbavy d\u011bt\u00ed nedoporu\u010dujeme za\u0159azovat:<\/p>\n<ul>\n<li>mobiln\u00ed telefony, tablety, po\u010d\u00edta\u010de, p\u0159ehr\u00e1va\u010de MP3 apod.,<\/li>\n<li>jin\u00e9 cenn\u00e9 p\u0159edm\u011bty (\u0161perky apod.).<\/li>\n<\/ul>\n<p>Tyto v\u011bci nejsme schopni zajistit proti kr\u00e1de\u017ei \u010di po\u0161kozen\u00ed, a vzhledem k tomu, \u017ee na t\u00e1bo\u0159i\u0161ti nen\u00ed zdroj elektrick\u00e9 energie, nemaj\u00ed d\u011bti mo\u017enost dob\u00edjen\u00ed mobiln\u00edch telefon\u016f a bateri\u00ed do ostatn\u00edch spot\u0159ebi\u010d\u016f.<\/p>\n<p>Doporu\u010dujeme ozna\u010dit v\u011bci d\u011bt\u00ed \u0161t\u00edtkem \u010di jin\u00fdm zp\u016fsobem, p\u0159edev\u0161\u00edm j\u00eddeln\u00ed n\u00e1dob\u00ed.<\/p>\n","protected":false},"excerpt":{"rendered":"<p>Doporu\u010den\u00e9 vybaven\u00ed na t\u00e1bor Doporu\u010dujeme pro d\u00edt\u011b tuto v\u00fdstroj: tepl\u00fd spac\u00e1k, karimatku, igelit nebo celtu (pro p\u0159\u00edpad nocov\u00e1n\u00ed mimo t\u00e1bor), oble\u010den\u00ed na span\u00ed, j\u00eddeln\u00ed n\u00e1dob\u00ed, kter\u00e9 umo\u017e\u0148uje p\u0159\u00edpravu stravy na ohni (nap\u0159. e\u0161us), l\u017e\u00edce, nerozbitn\u00fd hrne\u010dek, poln\u00ed l\u00e1hev nebo men\u0161\u00ed l\u00e1hev z um\u011bl\u00e9 hmoty, dostate\u010dn\u00e1 z\u00e1soba spodn\u00edho pr\u00e1dla, kapesn\u00edk\u016f a pono\u017eek, plavky, osu\u0161ku a ru\u010dn\u00edky, [&hellip;]<\/p>\n","protected":false},"author":1,"featured_media":0,"parent":18,"menu_order":0,"comment_status":"closed","ping_status":"closed","template":"","meta":{"footnotes":""},"class_list":["post-84","page","type-page","status-publish","hentry"],"_links":{"self":[{"href":"https:\/\/www.lstmanetin.cz\/index.php?rest_route=\/wp\/v2\/pages\/84","targetHints":{"allow":["GET"]}}],"collection":[{"href":"https:\/\/www.lstmanetin.cz\/index.php?rest_route=\/wp\/v2\/pages"}],"about":[{"href":"https:\/\/www.lstmanetin.cz\/index.php?rest_route=\/wp\/v2\/types\/page"}],"author":[{"embeddable":true,"href":"https:\/\/www.lstmanetin.cz\/index.php?rest_route=\/wp\/v2\/users\/1"}],"replies":[{"embeddable":true,"href":"https:\/\/www.lstmanetin.cz\/index.php?rest_route=%2Fwp%2Fv2%2Fcomments&post=84"}],"version-history":[{"count":4,"href":"https:\/\/www.lstmanetin.cz\/index.php?rest_route=\/wp\/v2\/pages\/84\/revisions"}],"predecessor-version":[{"id":1347,"href":"https:\/\/www.lstmanetin.cz\/index.php?rest_route=\/wp\/v2\/pages\/84\/revisions\/1347"}],"up":[{"embeddable":true,"href":"https:\/\/www.lstmanetin.cz\/index.php?rest_route=\/wp\/v2\/pages\/18"}],"wp:attachment":[{"href":"https:\/\/www.lstmanetin.cz\/index.php?rest_route=%2Fwp%2Fv2%2Fmedia&parent=84"}],"curies":[{"name":"wp","href":"https:\/\/api.w.org\/{rel}","templated":true}]}}