{"id":82,"date":"2015-03-06T17:13:50","date_gmt":"2015-03-06T17:13:50","guid":{"rendered":"http:\/\/localhost\/wp\/?page_id=82"},"modified":"2026-01-28T20:40:04","modified_gmt":"2026-01-28T19:40:04","slug":"pro-rodice-2","status":"publish","type":"page","link":"https:\/\/www.lstmanetin.cz\/?page_id=82","title":{"rendered":"Pro rodi\u010de"},"content":{"rendered":"<p><strong>Odjezd z t\u00e1bora<\/strong><\/p>\n<p>Odjezd d\u011bt\u00ed z t\u00e1bora je v p\u00e1tek 14. 8. 2026 v dob\u011b od 14,00 do 17,00 hodin, kdy d\u011bti p\u0159evezmou rodi\u010de od hlavn\u00edho vedouc\u00edho nebo vedouc\u00edho dne. Po p\u0159edchoz\u00ed domluv\u011b s hlavn\u00edm vedouc\u00edm m\u016f\u017ee b\u00fdt d\u00edt\u011b p\u0159ed\u00e1no jin\u00e9 osob\u011b.<\/p>\n<p>BEZ TOHOTO DOHOVORU NEBUDE D\u00cdT\u011a JIN\u00c9 OSOB\u011a P\u0158ED\u00c1NO !!!<\/p>\n<p>Dopravu na t\u00e1bor i z t\u00e1bora zaji\u0161\u0165uj\u00ed rodi\u010de sami.<\/p>\n\n\n<p><\/p>\n","protected":false},"excerpt":{"rendered":"<p>Odjezd z t\u00e1bora Odjezd d\u011bt\u00ed z t\u00e1bora je v p\u00e1tek 14. 8. 2026 v dob\u011b od 14,00 do 17,00 hodin, kdy d\u011bti p\u0159evezmou rodi\u010de od hlavn\u00edho vedouc\u00edho nebo vedouc\u00edho dne. Po p\u0159edchoz\u00ed domluv\u011b s hlavn\u00edm vedouc\u00edm m\u016f\u017ee b\u00fdt d\u00edt\u011b p\u0159ed\u00e1no jin\u00e9 osob\u011b. BEZ TOHOTO DOHOVORU NEBUDE D\u00cdT\u011a JIN\u00c9 OSOB\u011a P\u0158ED\u00c1NO !!! Dopravu na t\u00e1bor i [&hellip;]<\/p>\n","protected":false},"author":1,"featured_media":0,"parent":18,"menu_order":0,"comment_status":"closed","ping_status":"closed","template":"","meta":{"footnotes":""},"class_list":["post-82","page","type-page","status-publish","hentry"],"_links":{"self":[{"href":"https:\/\/www.lstmanetin.cz\/index.php?rest_route=\/wp\/v2\/pages\/82","targetHints":{"allow":["GET"]}}],"collection":[{"href":"https:\/\/www.lstmanetin.cz\/index.php?rest_route=\/wp\/v2\/pages"}],"about":[{"href":"https:\/\/www.lstmanetin.cz\/index.php?rest_route=\/wp\/v2\/types\/page"}],"author":[{"embeddable":true,"href":"https:\/\/www.lstmanetin.cz\/index.php?rest_route=\/wp\/v2\/users\/1"}],"replies":[{"embeddable":true,"href":"https:\/\/www.lstmanetin.cz\/index.php?rest_route=%2Fwp%2Fv2%2Fcomments&post=82"}],"version-history":[{"count":16,"href":"https:\/\/www.lstmanetin.cz\/index.php?rest_route=\/wp\/v2\/pages\/82\/revisions"}],"predecessor-version":[{"id":1475,"href":"https:\/\/www.lstmanetin.cz\/index.php?rest_route=\/wp\/v2\/pages\/82\/revisions\/1475"}],"up":[{"embeddable":true,"href":"https:\/\/www.lstmanetin.cz\/index.php?rest_route=\/wp\/v2\/pages\/18"}],"wp:attachment":[{"href":"https:\/\/www.lstmanetin.cz\/index.php?rest_route=%2Fwp%2Fv2%2Fmedia&parent=82"}],"curies":[{"name":"wp","href":"https:\/\/api.w.org\/{rel}","templated":true}]}}