{"id":36,"date":"2015-03-01T17:07:18","date_gmt":"2015-03-01T17:07:18","guid":{"rendered":"http:\/\/localhost\/wp\/?page_id=36"},"modified":"2017-07-11T10:55:07","modified_gmt":"2017-07-11T08:55:07","slug":"vzpominky","status":"publish","type":"page","link":"https:\/\/www.lstmanetin.cz\/?page_id=36","title":{"rendered":"Vzpom\u00ednky"},"content":{"rendered":"<p>V t\u00e9to \u010d\u00e1sti na\u0161ich str\u00e1nek si s n\u00e1mi m\u016f\u017eete zavzpom\u00ednat na n\u011bkter\u00e9 z p\u0159ede\u0161l\u00fdch t\u00e1bor\u016f. Jsou zde uvedeny pouze t\u00e1bory, kter\u00fdch jsem se osobn\u011b \u00fa\u010dastnil, proto\u017ee historie tohoto b\u011bhu t\u00e1bora je mnohem del\u0161\u00ed a m\u016f\u017eu \u0159\u00edct, \u017ee jej ji\u017e nav\u0161t\u011bvuj\u00ed d\u011bti jejich\u017e rodi\u010de zde pob\u00fdvali ve sv\u00e9m d\u011btsk\u00e9m v\u011bku.<br \/>\n<br \/>\nU jednotliv\u00fdch t\u00e1bor\u016f je k nalezen\u00ed kr\u00e1tk\u00fd popis na\u0161eho t\u00e1bora v dan\u00e9m roce a &#8222;p\u00e1r&#8220; fotografi\u00ed. Kr\u00e1tk\u00fd popis samoz\u0159ejm\u011b nem\u016f\u017ee vystihnout v\u0161echny ud\u00e1losti a hry na jednotliv\u00fdch t\u00e1borech, proto\u017ee v z\u00e1vislosti na v\u00fdvoji po\u010das\u00ed se odv\u00edjel i n\u00e1\u0161 program. Za\u017eili jsme sucho a horko, kdy jsme v\u011bt\u0161inu \u010dasu tr\u00e1vili ve vod\u011b, ale i pr\u016ftr\u017ee p\u0159i kter\u00fdch padaly stromy. Sou\u010dasn\u011b s \u010d\u00e1st\u00ed fotografi\u00ed je uveden i odkaz na kompletn\u00ed alba, kter\u00e1 zve\u0159ejnili Petr a Kelly na &#8222;raj\u010deti&#8220;, kde jsou fotografie ve v\u011bt\u0161\u00edm mno\u017estv\u00ed a v lep\u0161\u00edm rozli\u0161en\u00ed. Pokud v\u00edte o dal\u0161\u00edch fotografi\u00edch z na\u0161eho t\u00e1bora, a jejich autor bude svoln\u00fd se s n\u00e1mi pod\u011blit, nev\u00e1hejte n\u00e1s oslovit.<br \/>\n<\/p>\n<p align=\"right\"> Petr <\/p>\n","protected":false},"excerpt":{"rendered":"<p>V t\u00e9to \u010d\u00e1sti na\u0161ich str\u00e1nek si s n\u00e1mi m\u016f\u017eete zavzpom\u00ednat na n\u011bkter\u00e9 z p\u0159ede\u0161l\u00fdch t\u00e1bor\u016f. Jsou zde uvedeny pouze t\u00e1bory, kter\u00fdch jsem se osobn\u011b \u00fa\u010dastnil, proto\u017ee historie tohoto b\u011bhu t\u00e1bora je mnohem del\u0161\u00ed a m\u016f\u017eu \u0159\u00edct, \u017ee jej ji\u017e nav\u0161t\u011bvuj\u00ed d\u011bti jejich\u017e rodi\u010de zde pob\u00fdvali ve sv\u00e9m d\u011btsk\u00e9m v\u011bku. U jednotliv\u00fdch t\u00e1bor\u016f je k nalezen\u00ed [&hellip;]<\/p>\n","protected":false},"author":1,"featured_media":0,"parent":0,"menu_order":0,"comment_status":"closed","ping_status":"closed","template":"","meta":{"footnotes":""},"class_list":["post-36","page","type-page","status-publish","hentry"],"_links":{"self":[{"href":"https:\/\/www.lstmanetin.cz\/index.php?rest_route=\/wp\/v2\/pages\/36","targetHints":{"allow":["GET"]}}],"collection":[{"href":"https:\/\/www.lstmanetin.cz\/index.php?rest_route=\/wp\/v2\/pages"}],"about":[{"href":"https:\/\/www.lstmanetin.cz\/index.php?rest_route=\/wp\/v2\/types\/page"}],"author":[{"embeddable":true,"href":"https:\/\/www.lstmanetin.cz\/index.php?rest_route=\/wp\/v2\/users\/1"}],"replies":[{"embeddable":true,"href":"https:\/\/www.lstmanetin.cz\/index.php?rest_route=%2Fwp%2Fv2%2Fcomments&post=36"}],"version-history":[{"count":4,"href":"https:\/\/www.lstmanetin.cz\/index.php?rest_route=\/wp\/v2\/pages\/36\/revisions"}],"predecessor-version":[{"id":299,"href":"https:\/\/www.lstmanetin.cz\/index.php?rest_route=\/wp\/v2\/pages\/36\/revisions\/299"}],"wp:attachment":[{"href":"https:\/\/www.lstmanetin.cz\/index.php?rest_route=%2Fwp%2Fv2%2Fmedia&parent=36"}],"curies":[{"name":"wp","href":"https:\/\/api.w.org\/{rel}","templated":true}]}}