{"id":31,"date":"2015-03-01T16:47:04","date_gmt":"2015-03-01T15:47:04","guid":{"rendered":"http:\/\/localhost\/wp\/?page_id=31"},"modified":"2026-01-26T16:32:02","modified_gmt":"2026-01-26T15:32:02","slug":"on-line","status":"publish","type":"page","link":"https:\/\/www.lstmanetin.cz\/?page_id=31","title":{"rendered":"INFORMATIVN\u00cd P\u0158IHL\u00c1\u0160KA"},"content":{"rendered":"\n<div class=\"wpcf7 no-js\" id=\"wpcf7-f1471-o1\" lang=\"cs-CZ\" dir=\"ltr\" data-wpcf7-id=\"1471\">\n<div class=\"screen-reader-response\"><p role=\"status\" aria-live=\"polite\" aria-atomic=\"true\"><\/p> <ul><\/ul><\/div>\n<form action=\"\/index.php?rest_route=%2Fwp%2Fv2%2Fpages%2F31#wpcf7-f1471-o1\" method=\"post\" class=\"wpcf7-form init\" aria-label=\"Kontaktn\u00ed formul\u00e1\u0159\" novalidate=\"novalidate\" data-status=\"init\">\n<fieldset class=\"hidden-fields-container\"><input type=\"hidden\" name=\"_wpcf7\" value=\"1471\" \/><input type=\"hidden\" name=\"_wpcf7_version\" value=\"6.1.5\" \/><input type=\"hidden\" name=\"_wpcf7_locale\" value=\"cs_CZ\" \/><input type=\"hidden\" name=\"_wpcf7_unit_tag\" value=\"wpcf7-f1471-o1\" \/><input type=\"hidden\" name=\"_wpcf7_container_post\" value=\"0\" \/><input type=\"hidden\" name=\"_wpcf7_posted_data_hash\" value=\"\" \/>\n<\/fieldset>\n<p>INFORMATIVN\u00cd p\u0159ihl\u00e1\u0161en\u00ed t\u00e1born\u00edka pro term\u00edn 1. 8. - 14. 8. 2026.\n<\/p>\n<p>P\u0159ed odesl\u00e1n\u00edm p\u0159ihl\u00e1\u0161ky si p\u0159e\u010dt\u011bte pokyny.\n<\/p>\n<p>Jm\u00e9no a p\u0159\u00edjmen\u00ed t\u00e1born\u00edka\n<\/p>\n<p><span class=\"wpcf7-form-control-wrap\" data-name=\"jmeno\"><input size=\"40\" maxlength=\"400\" class=\"wpcf7-form-control wpcf7-text wpcf7-validates-as-required\" aria-required=\"true\" aria-invalid=\"false\" value=\"\" type=\"text\" name=\"jmeno\" \/><\/span>\n<\/p>\n<p>Datum narozen\u00ed\n<\/p>\n<p><span class=\"wpcf7-form-control-wrap\" data-name=\"datum\"><input size=\"40\" maxlength=\"400\" class=\"wpcf7-form-control wpcf7-text wpcf7-validates-as-required\" aria-required=\"true\" aria-invalid=\"false\" value=\"\" type=\"text\" name=\"datum\" \/><\/span>\n<\/p>\n<p>Trval\u00e9 bydli\u0161t\u011b\n<\/p>\n<p><span class=\"wpcf7-form-control-wrap\" data-name=\"adresa\"><input size=\"40\" maxlength=\"400\" class=\"wpcf7-form-control wpcf7-text wpcf7-validates-as-required\" aria-required=\"true\" aria-invalid=\"false\" value=\"\" type=\"text\" name=\"adresa\" \/><\/span>\n<\/p>\n<p>Velikost tri\u010dka *\n<\/p>\n<p><span class=\"wpcf7-form-control-wrap\" data-name=\"triko\"><input size=\"40\" maxlength=\"400\" class=\"wpcf7-form-control wpcf7-text\" aria-invalid=\"false\" value=\"\" type=\"text\" name=\"triko\" \/><\/span>\n<\/p>\n<p>Jm\u00e9no a p\u0159\u00edjmen\u00ed z\u00e1konn\u00e9ho z\u00e1stupce\n<\/p>\n<p><span class=\"wpcf7-form-control-wrap\" data-name=\"rodic\"><input size=\"40\" maxlength=\"400\" class=\"wpcf7-form-control wpcf7-text wpcf7-validates-as-required\" aria-required=\"true\" aria-invalid=\"false\" value=\"\" type=\"text\" name=\"rodic\" \/><\/span>\n<\/p>\n<p>Kontaktn\u00ed adresa (pokud se li\u0161\u00ed od trval\u00e9ho bydli\u0161t\u011b) *\n<\/p>\n<p><span class=\"wpcf7-form-control-wrap\" data-name=\"adresa1\"><input size=\"40\" maxlength=\"400\" class=\"wpcf7-form-control wpcf7-text\" aria-invalid=\"false\" value=\"\" type=\"text\" name=\"adresa1\" \/><\/span>\n<\/p>\n<p>Kontaktn\u00ed telefon\n<\/p>\n<p><span class=\"wpcf7-form-control-wrap\" data-name=\"telefon\"><input size=\"40\" maxlength=\"400\" class=\"wpcf7-form-control wpcf7-tel wpcf7-validates-as-required wpcf7-text wpcf7-validates-as-tel\" aria-required=\"true\" aria-invalid=\"false\" value=\"\" type=\"tel\" name=\"telefon\" \/><\/span>\n<\/p>\n<p>Kontaktn\u00ed e-mail\n<\/p>\n<p><span class=\"wpcf7-form-control-wrap\" data-name=\"email\"><input size=\"40\" maxlength=\"400\" class=\"wpcf7-form-control wpcf7-email wpcf7-validates-as-required wpcf7-text wpcf7-validates-as-email\" aria-required=\"true\" aria-invalid=\"false\" value=\"\" type=\"email\" name=\"email\" \/><\/span>\n<\/p>\n<p>Zp\u016fsob \u00fahrady\n<\/p>\n<p><span class=\"wpcf7-form-control-wrap\" data-name=\"platba\"><span class=\"wpcf7-form-control wpcf7-radio\"><span class=\"wpcf7-list-item first\"><label><input type=\"radio\" name=\"platba\" value=\"hotov\u011b\" \/><span class=\"wpcf7-list-item-label\">hotov\u011b<\/span><\/label><\/span><span class=\"wpcf7-list-item\"><label><input type=\"radio\" name=\"platba\" value=\"p\u0159evodem\" \/><span class=\"wpcf7-list-item-label\">p\u0159evodem<\/span><\/label><\/span><span class=\"wpcf7-list-item last\"><label><input type=\"radio\" name=\"platba\" value=\"zam\u011bstnavatel\" \/><span class=\"wpcf7-list-item-label\">zam\u011bstnavatel<\/span><\/label><\/span><\/span><\/span>\n<\/p>\n<p><input class=\"wpcf7-form-control wpcf7-submit has-spinner\" type=\"submit\" value=\"Odeslat\" \/>\n<\/p>\n<p>* nepovinn\u00e9 \u00fadaje\n<\/p><p style=\"display: none !important;\" class=\"akismet-fields-container\" data-prefix=\"_wpcf7_ak_\"><label>&#916;<textarea name=\"_wpcf7_ak_hp_textarea\" cols=\"45\" rows=\"8\" maxlength=\"100\"><\/textarea><\/label><input type=\"hidden\" id=\"ak_js_1\" name=\"_wpcf7_ak_js\" value=\"172\"\/><script>document.getElementById( \"ak_js_1\" ).setAttribute( \"value\", ( new Date() ).getTime() );<\/script><\/p><div class=\"wpcf7-response-output\" aria-hidden=\"true\"><\/div>\n<\/form>\n<\/div>\n\n","protected":false},"excerpt":{"rendered":"","protected":false},"author":1,"featured_media":0,"parent":0,"menu_order":0,"comment_status":"closed","ping_status":"closed","template":"","meta":{"footnotes":""},"class_list":["post-31","page","type-page","status-publish","hentry"],"_links":{"self":[{"href":"https:\/\/www.lstmanetin.cz\/index.php?rest_route=\/wp\/v2\/pages\/31","targetHints":{"allow":["GET"]}}],"collection":[{"href":"https:\/\/www.lstmanetin.cz\/index.php?rest_route=\/wp\/v2\/pages"}],"about":[{"href":"https:\/\/www.lstmanetin.cz\/index.php?rest_route=\/wp\/v2\/types\/page"}],"author":[{"embeddable":true,"href":"https:\/\/www.lstmanetin.cz\/index.php?rest_route=\/wp\/v2\/users\/1"}],"replies":[{"embeddable":true,"href":"https:\/\/www.lstmanetin.cz\/index.php?rest_route=%2Fwp%2Fv2%2Fcomments&post=31"}],"version-history":[{"count":38,"href":"https:\/\/www.lstmanetin.cz\/index.php?rest_route=\/wp\/v2\/pages\/31\/revisions"}],"predecessor-version":[{"id":1472,"href":"https:\/\/www.lstmanetin.cz\/index.php?rest_route=\/wp\/v2\/pages\/31\/revisions\/1472"}],"wp:attachment":[{"href":"https:\/\/www.lstmanetin.cz\/index.php?rest_route=%2Fwp%2Fv2%2Fmedia&parent=31"}],"curies":[{"name":"wp","href":"https:\/\/api.w.org\/{rel}","templated":true}]}}