{"id":25,"date":"2015-03-01T12:38:30","date_gmt":"2015-03-01T12:38:30","guid":{"rendered":"http:\/\/localhost\/wp\/?page_id=25"},"modified":"2026-01-26T15:42:51","modified_gmt":"2026-01-26T14:42:51","slug":"dokumenty","status":"publish","type":"page","link":"https:\/\/www.lstmanetin.cz\/?page_id=25","title":{"rendered":"Dokumenty platn\u00e9 pro rok 2026"},"content":{"rendered":"<table>\n<tbody>\n<tr>\n<td style=\"width: 200px;\"><a href=\"dokumenty\/prihlaska.rtf\">P\u0158IHL\u00c1\u0160KA<\/a><\/td>\n<td>&#8211; dokument ve form\u00e1tu MS WORD<\/td>\n<\/tr>\n<tr>\n<td><a href=\"dokumenty\/pokyny.rtf\">POKYNY<\/a><\/td>\n<td>&#8211; dokument ve form\u00e1tu MS WORD<\/td>\n<\/tr>\n<tr>\n<td><a href=\"dokumenty\/prohlaseni.rtf\">BEZINFEK\u010cNOST<\/a><\/td>\n<td>&#8211; dokument ve form\u00e1tu MS WORD<\/td>\n<\/tr>\n<tr>\n<td style=\"width: 200px;\"><a href=\"dokumenty\/nas_list.xls\">N\u00c1STUPN\u00cd LIST<\/a><\/td>\n<td>&#8211; dokument ve form\u00e1tu MS EXCEL (pouze pro vedouc\u00ed, instruktory a dal\u0161\u00ed \u010dinovn\u00edky t\u00e1bora)<\/td>\n<\/tr>\n<\/tbody>\n<\/table>\n<p><!--\n\n\n<p align=\"center\"><img decoding=\"async\" src=\"images\/pracuji.gif\" alt=\"\"><\/p>\n\n\n\n--><\/p>\n","protected":false},"excerpt":{"rendered":"<p>P\u0158IHL\u00c1\u0160KA &#8211; dokument ve form\u00e1tu MS WORD POKYNY &#8211; dokument ve form\u00e1tu MS WORD BEZINFEK\u010cNOST &#8211; dokument ve form\u00e1tu MS WORD N\u00c1STUPN\u00cd LIST &#8211; dokument ve form\u00e1tu MS EXCEL (pouze pro vedouc\u00ed, instruktory a dal\u0161\u00ed \u010dinovn\u00edky t\u00e1bora)<\/p>\n","protected":false},"author":1,"featured_media":0,"parent":0,"menu_order":0,"comment_status":"closed","ping_status":"closed","template":"","meta":{"footnotes":""},"class_list":["post-25","page","type-page","status-publish","hentry"],"_links":{"self":[{"href":"https:\/\/www.lstmanetin.cz\/index.php?rest_route=\/wp\/v2\/pages\/25","targetHints":{"allow":["GET"]}}],"collection":[{"href":"https:\/\/www.lstmanetin.cz\/index.php?rest_route=\/wp\/v2\/pages"}],"about":[{"href":"https:\/\/www.lstmanetin.cz\/index.php?rest_route=\/wp\/v2\/types\/page"}],"author":[{"embeddable":true,"href":"https:\/\/www.lstmanetin.cz\/index.php?rest_route=\/wp\/v2\/users\/1"}],"replies":[{"embeddable":true,"href":"https:\/\/www.lstmanetin.cz\/index.php?rest_route=%2Fwp%2Fv2%2Fcomments&post=25"}],"version-history":[{"count":17,"href":"https:\/\/www.lstmanetin.cz\/index.php?rest_route=\/wp\/v2\/pages\/25\/revisions"}],"predecessor-version":[{"id":1457,"href":"https:\/\/www.lstmanetin.cz\/index.php?rest_route=\/wp\/v2\/pages\/25\/revisions\/1457"}],"wp:attachment":[{"href":"https:\/\/www.lstmanetin.cz\/index.php?rest_route=%2Fwp%2Fv2%2Fmedia&parent=25"}],"curies":[{"name":"wp","href":"https:\/\/api.w.org\/{rel}","templated":true}]}}