{"id":202,"date":"2015-03-07T12:17:49","date_gmt":"2015-03-07T12:17:49","guid":{"rendered":"http:\/\/localhost\/wp\/?page_id=202"},"modified":"2026-01-26T15:49:57","modified_gmt":"2026-01-26T14:49:57","slug":"pokyny","status":"publish","type":"page","link":"https:\/\/www.lstmanetin.cz\/?page_id=202","title":{"rendered":"Pokyny pro pr\u00e1ci s p\u0159ihl\u00e1\u0161kou v roce 2026"},"content":{"rendered":"<p>Zde m\u016f\u017eete sv\u00e9 d\u00edt\u011b INFORMATIVN\u011a p\u0159ihl\u00e1sit na n\u00e1\u0161 t\u00e1bor pomoc\u00ed elektronick\u00e9ho formul\u00e1\u0159e.<\/p>\n<p>Informativn\u011b proto, proto\u017ee do\u0161lo ke zp\u0159\u00edsn\u011bn\u00ed manipulace s osobn\u00edmi \u00fadaji, a n\u00e1\u0161 elektronick\u00fd formul\u00e1\u0159 nen\u00ed nikterak zabezpe\u010den, a tak jsme i letos p\u0159istoupili k tomu, \u017ee rozhoduj\u00edc\u00ed formou pro p\u0159ihl\u00e1\u0161en\u00ed d\u00edt\u011bte bude odesl\u00e1n\u00ed pap\u00edrov\u00e9 p\u0159ihl\u00e1\u0161ky &#8211; ta obsahuje rodn\u00e9 \u010d\u00edslo d\u00edt\u011bte, kter\u00e9 je nutn\u00e9 pro proveden\u00ed n\u011bkter\u00fdch administrativn\u00edch \u00fakon\u016f (ke sta\u017een\u00ed v sekci <a href=\"?page_id=25\">DOKUMENTY<\/a>).<\/p>\n<p>P\u0159ihl\u00e1\u0161ky, pros\u00edm, pos\u00edlejte jako b\u011b\u017enou po\u0161tovn\u00ed z\u00e1silku, proto\u017ee vyzved\u00e1v\u00e1n\u00ed doporu\u010den\u00fdch z\u00e1silek na po\u0161t\u011b n\u00e1m zp\u016fsobuje men\u0161\u00ed probl\u00e9my &#8211; jist\u011b zn\u00e1te fronty na po\u0161t\u00e1ch, a st\u00e1t v nich ka\u017ed\u00fd den opravdu nen\u00ed p\u0159\u00edjemn\u00e9 a p\u0159\u00ednosn\u00e9.<\/p>\n<p>Ostatn\u00ed zpracov\u00e1n\u00ed, ukl\u00e1d\u00e1n\u00ed a manipulace s daty va\u0161ich d\u011bt\u00ed ji\u017e odpov\u00edd\u00e1 platn\u00e9 legislativ\u011b o ochran\u011b osobn\u00edch \u00fadaj\u016f.<\/p>\n<p>V p\u0159\u00edpad\u011b op\u011btovn\u00e9ho velk\u00e9ho z\u00e1jmu bude pro rozhodov\u00e1n\u00ed o p\u0159ijet\u00ed d\u00edt\u011bte na t\u00e1bor rozhoduj\u00edc\u00ed podac\u00ed raz\u00edtko p\u0159i odesl\u00e1n\u00ed pap\u00edrov\u00e9 p\u0159ihl\u00e1\u0161ky.<\/p>\n","protected":false},"excerpt":{"rendered":"<p>Zde m\u016f\u017eete sv\u00e9 d\u00edt\u011b INFORMATIVN\u011a p\u0159ihl\u00e1sit na n\u00e1\u0161 t\u00e1bor pomoc\u00ed elektronick\u00e9ho formul\u00e1\u0159e. Informativn\u011b proto, proto\u017ee do\u0161lo ke zp\u0159\u00edsn\u011bn\u00ed manipulace s osobn\u00edmi \u00fadaji, a n\u00e1\u0161 elektronick\u00fd formul\u00e1\u0159 nen\u00ed nikterak zabezpe\u010den, a tak jsme i letos p\u0159istoupili k tomu, \u017ee rozhoduj\u00edc\u00ed formou pro p\u0159ihl\u00e1\u0161en\u00ed d\u00edt\u011bte bude odesl\u00e1n\u00ed pap\u00edrov\u00e9 p\u0159ihl\u00e1\u0161ky &#8211; ta obsahuje rodn\u00e9 \u010d\u00edslo d\u00edt\u011bte, kter\u00e9 je [&hellip;]<\/p>\n","protected":false},"author":1,"featured_media":0,"parent":31,"menu_order":0,"comment_status":"closed","ping_status":"closed","template":"page-cs.php","meta":{"footnotes":""},"class_list":["post-202","page","type-page","status-publish","hentry"],"_links":{"self":[{"href":"https:\/\/www.lstmanetin.cz\/index.php?rest_route=\/wp\/v2\/pages\/202","targetHints":{"allow":["GET"]}}],"collection":[{"href":"https:\/\/www.lstmanetin.cz\/index.php?rest_route=\/wp\/v2\/pages"}],"about":[{"href":"https:\/\/www.lstmanetin.cz\/index.php?rest_route=\/wp\/v2\/types\/page"}],"author":[{"embeddable":true,"href":"https:\/\/www.lstmanetin.cz\/index.php?rest_route=\/wp\/v2\/users\/1"}],"replies":[{"embeddable":true,"href":"https:\/\/www.lstmanetin.cz\/index.php?rest_route=%2Fwp%2Fv2%2Fcomments&post=202"}],"version-history":[{"count":16,"href":"https:\/\/www.lstmanetin.cz\/index.php?rest_route=\/wp\/v2\/pages\/202\/revisions"}],"predecessor-version":[{"id":1463,"href":"https:\/\/www.lstmanetin.cz\/index.php?rest_route=\/wp\/v2\/pages\/202\/revisions\/1463"}],"up":[{"embeddable":true,"href":"https:\/\/www.lstmanetin.cz\/index.php?rest_route=\/wp\/v2\/pages\/31"}],"wp:attachment":[{"href":"https:\/\/www.lstmanetin.cz\/index.php?rest_route=%2Fwp%2Fv2%2Fmedia&parent=202"}],"curies":[{"name":"wp","href":"https:\/\/api.w.org\/{rel}","templated":true}]}}