{"id":18,"date":"2015-03-01T10:25:45","date_gmt":"2015-03-01T10:25:45","guid":{"rendered":"http:\/\/localhost\/wp\/?page_id=18"},"modified":"2026-01-28T20:39:18","modified_gmt":"2026-01-28T19:39:18","slug":"pro-rodice","status":"publish","type":"page","link":"https:\/\/www.lstmanetin.cz\/?page_id=18","title":{"rendered":"Pro rodi\u010de"},"content":{"rendered":"<p><strong>N\u00e1stup na t\u00e1bor<\/strong><br \/>\nN\u00e1stup d\u011bt\u00ed na t\u00e1bor je v sobotu 1. 8. 2026 v dob\u011b od 14,00 do 16,00 hodin, kdy d\u011bti p\u0159evezme hlavn\u00ed vedouc\u00ed nebo vedouc\u00ed dne. Po p\u0159edchoz\u00ed domluv\u011b s hlavn\u00edm vedouc\u00edm m\u016f\u017ee b\u00fdt n\u00e1stup d\u00edt\u011bte p\u0159izp\u016fsoben podm\u00ednk\u00e1m \u010di pot\u0159eb\u00e1m rodiny.<\/p>\n<p>P\u0159i p\u0159evzet\u00ed d\u00edt\u011bte rodi\u010de odevzdaj\u00ed tyto doklady :<\/p>\n<ul>\n<li>pr\u016fkaz poji\u0161t\u011bnce zdravotn\u00ed poji\u0161\u0165ovny (lze i kopii)<\/li>\n<li>vypln\u011bn\u00e9 prohl\u00e1\u0161en\u00ed rodi\u010d\u016f o bezinfek\u010dnosti, ne star\u0161\u00ed t\u0159\u00ed dn\u016f<\/li>\n<li>potvrzen\u00ed o\u0161et\u0159uj\u00edc\u00edho l\u00e9ka\u0159e o schopnosti d\u00edt\u011bte z\u00fa\u010dastnit se t\u00e1bora<\/li>\n<\/ul>\n<p>BEZ T\u011aCHTO DOKLAD\u016e SE D\u00cdT\u011a NEM\u016e\u017dE Z\u00da\u010cASTNIT T\u00c1BORA!!!<\/p>\n<p>Dopravu na t\u00e1bor i z t\u00e1bora zaji\u0161\u0165uj\u00ed rodi\u010de sami.<\/p>\n","protected":false},"excerpt":{"rendered":"<p>N\u00e1stup na t\u00e1bor N\u00e1stup d\u011bt\u00ed na t\u00e1bor je v sobotu 1. 8. 2026 v dob\u011b od 14,00 do 16,00 hodin, kdy d\u011bti p\u0159evezme hlavn\u00ed vedouc\u00ed nebo vedouc\u00ed dne. Po p\u0159edchoz\u00ed domluv\u011b s hlavn\u00edm vedouc\u00edm m\u016f\u017ee b\u00fdt n\u00e1stup d\u00edt\u011bte p\u0159izp\u016fsoben podm\u00ednk\u00e1m \u010di pot\u0159eb\u00e1m rodiny. P\u0159i p\u0159evzet\u00ed d\u00edt\u011bte rodi\u010de odevzdaj\u00ed tyto doklady : pr\u016fkaz poji\u0161t\u011bnce zdravotn\u00ed poji\u0161\u0165ovny [&hellip;]<\/p>\n","protected":false},"author":1,"featured_media":0,"parent":0,"menu_order":0,"comment_status":"closed","ping_status":"closed","template":"","meta":{"footnotes":""},"class_list":["post-18","page","type-page","status-publish","hentry"],"_links":{"self":[{"href":"https:\/\/www.lstmanetin.cz\/index.php?rest_route=\/wp\/v2\/pages\/18","targetHints":{"allow":["GET"]}}],"collection":[{"href":"https:\/\/www.lstmanetin.cz\/index.php?rest_route=\/wp\/v2\/pages"}],"about":[{"href":"https:\/\/www.lstmanetin.cz\/index.php?rest_route=\/wp\/v2\/types\/page"}],"author":[{"embeddable":true,"href":"https:\/\/www.lstmanetin.cz\/index.php?rest_route=\/wp\/v2\/users\/1"}],"replies":[{"embeddable":true,"href":"https:\/\/www.lstmanetin.cz\/index.php?rest_route=%2Fwp%2Fv2%2Fcomments&post=18"}],"version-history":[{"count":13,"href":"https:\/\/www.lstmanetin.cz\/index.php?rest_route=\/wp\/v2\/pages\/18\/revisions"}],"predecessor-version":[{"id":1473,"href":"https:\/\/www.lstmanetin.cz\/index.php?rest_route=\/wp\/v2\/pages\/18\/revisions\/1473"}],"wp:attachment":[{"href":"https:\/\/www.lstmanetin.cz\/index.php?rest_route=%2Fwp%2Fv2%2Fmedia&parent=18"}],"curies":[{"name":"wp","href":"https:\/\/api.w.org\/{rel}","templated":true}]}}