{"id":133,"date":"2015-03-07T11:18:33","date_gmt":"2015-03-07T11:18:33","guid":{"rendered":"http:\/\/localhost\/wp\/?page_id=133"},"modified":"2017-07-11T11:00:49","modified_gmt":"2017-07-11T09:00:49","slug":"tabor-2014","status":"publish","type":"page","link":"https:\/\/www.lstmanetin.cz\/?page_id=133","title":{"rendered":"T\u00e1bor 2014"},"content":{"rendered":"<p>N\u00e1m\u011bt t\u00e1bora v roce 2014 byl \u010derp\u00e1n v dnes ji\u017e m\u00e9n\u011b zn\u00e1m\u00e9m sout\u011b\u017en\u00edm seri\u00e1lu francouzsk\u00e9 televize &#8222;Po stop\u00e1ch Xapat\u00e1nu&#8220;. Tento sout\u011b\u017en\u00ed seri\u00e1l se odehr\u00e1val v divok\u00e9 mexick\u00e9 d\u017eungli, kde se sedm dobrodruh\u016f a jedna d\u00edvka pokou\u0161eli sehnat spr\u00e1vnou so\u0161ku pro jednoho profesora, kter\u00fd za n\u00ed nab\u00edzel vysokou odm\u011bnu. Cestu do jeskyn\u011b se so\u0161kami v\u0161ak st\u0159e\u017eili str\u00e1\u017eci hory a divok\u00e9 amazonky.<br \/>\n<br \/>\nPro to, aby jsme profesorovi p\u0159inesli spr\u00e1vnou so\u0161ku jsme pot\u0159ebovali ind\u00edcie. Ind\u00edcie v\u0161ak byly br\u00e1n\u011bny amazonkami a str\u00e1\u017eci hory, proto nebylo jednoduch\u00e9 je z\u00edskat. Taky vybrat spr\u00e1vnou so\u0161ku bylo obt\u00ed\u017en\u00e9, zejm\u00e9na potom co se na nich podepsal &#8222;slejv\u00e1k&#8220; hned druh\u00fd den. Ale i tak jsme se vypo\u0159\u00e1dali se v\u0161emi t\u011b\u017ekostmi, kter\u00e9 n\u00e1m p\u0159in\u00e1\u0161ely jednotliv\u00e9 p\u0159ek\u00e1\u017eky, nap\u0159\u00edklad stra\u0161n\u00e1 xapat\u00e1sk\u00e1 l\u00e1vka, a matka p\u0159\u00edroda,kter\u00e1 se asi rozhodla, \u017ee je moc sucho a  skr\u00e1p\u011bla n\u00e1s de\u0161t\u011bm tak\u0159ka ka\u017ed\u00fd den, a profesorovi p\u0159inesli so\u0161ky, kter\u00e9 po n\u00e1s cht\u011bl. A bohat\u00e1 odm\u011bna byla na\u0161e.<br \/>\n<br \/>\nJedno odpoledne jme taky str\u00e1vili ve spole\u010dnosti p\u00e1n\u016f st\u0159elc\u016f, kte\u0159\u00ed n\u00e1m umo\u017enili vyzkou\u0161et si st\u0159elbu z dlouh\u00e9ho luku, kladkov\u00e9 ku\u0161e, profesion\u00e1ln\u00ed vzduchov\u00e9 pu\u0161ky a z airsoftov\u00fdch samopal\u016f a pistol\u00ed.<\/p>\n","protected":false},"excerpt":{"rendered":"<p>N\u00e1m\u011bt t\u00e1bora v roce 2014 byl \u010derp\u00e1n v dnes ji\u017e m\u00e9n\u011b zn\u00e1m\u00e9m sout\u011b\u017en\u00edm seri\u00e1lu francouzsk\u00e9 televize &#8222;Po stop\u00e1ch Xapat\u00e1nu&#8220;. Tento sout\u011b\u017en\u00ed seri\u00e1l se odehr\u00e1val v divok\u00e9 mexick\u00e9 d\u017eungli, kde se sedm dobrodruh\u016f a jedna d\u00edvka pokou\u0161eli sehnat spr\u00e1vnou so\u0161ku pro jednoho profesora, kter\u00fd za n\u00ed nab\u00edzel vysokou odm\u011bnu. Cestu do jeskyn\u011b se so\u0161kami v\u0161ak st\u0159e\u017eili [&hellip;]<\/p>\n","protected":false},"author":1,"featured_media":0,"parent":36,"menu_order":0,"comment_status":"closed","ping_status":"closed","template":"","meta":{"footnotes":""},"class_list":["post-133","page","type-page","status-publish","hentry"],"_links":{"self":[{"href":"https:\/\/www.lstmanetin.cz\/index.php?rest_route=\/wp\/v2\/pages\/133","targetHints":{"allow":["GET"]}}],"collection":[{"href":"https:\/\/www.lstmanetin.cz\/index.php?rest_route=\/wp\/v2\/pages"}],"about":[{"href":"https:\/\/www.lstmanetin.cz\/index.php?rest_route=\/wp\/v2\/types\/page"}],"author":[{"embeddable":true,"href":"https:\/\/www.lstmanetin.cz\/index.php?rest_route=\/wp\/v2\/users\/1"}],"replies":[{"embeddable":true,"href":"https:\/\/www.lstmanetin.cz\/index.php?rest_route=%2Fwp%2Fv2%2Fcomments&post=133"}],"version-history":[{"count":3,"href":"https:\/\/www.lstmanetin.cz\/index.php?rest_route=\/wp\/v2\/pages\/133\/revisions"}],"predecessor-version":[{"id":402,"href":"https:\/\/www.lstmanetin.cz\/index.php?rest_route=\/wp\/v2\/pages\/133\/revisions\/402"}],"up":[{"embeddable":true,"href":"https:\/\/www.lstmanetin.cz\/index.php?rest_route=\/wp\/v2\/pages\/36"}],"wp:attachment":[{"href":"https:\/\/www.lstmanetin.cz\/index.php?rest_route=%2Fwp%2Fv2%2Fmedia&parent=133"}],"curies":[{"name":"wp","href":"https:\/\/api.w.org\/{rel}","templated":true}]}}