{"id":130,"date":"2015-03-07T11:15:40","date_gmt":"2015-03-07T11:15:40","guid":{"rendered":"http:\/\/localhost\/wp\/?page_id=129"},"modified":"2017-07-11T10:59:34","modified_gmt":"2017-07-11T08:59:34","slug":"tabor-2012","status":"publish","type":"page","link":"https:\/\/www.lstmanetin.cz\/?page_id=130","title":{"rendered":"T\u00e1bor 2012"},"content":{"rendered":"<p>T\u00e1bor 2012 n\u00e1s sice ponechal v p\u0159\u00edtomnosti, ale zpr\u00e1vy jednoho praprapotomka komorn\u00edka n\u00e1s poslal na cestu za hled\u00e1n\u00edm &#8222;Ztracen\u00e9ho m\u011bsta&#8220;. Legenda, kterou jsme z\u00edskali od praprapotomka komorn\u00edka, o tomto ztracen\u00e9m m\u011bst\u011b n\u00e1s m\u011bla dov\u00e9st do m\u00edst, kde z\u016fstalo poh\u0159beno cel\u00e9 m\u011bsto v\u010detn\u011b sv\u00fdch poklad\u016f.<br \/>\n<br \/>\nAby jsme zvl\u00e1dli cestu hlubokou d\u017eungl\u00ed, museli jsme se na to \u0159\u00e1dn\u011b p\u0159ipravit. Zpr\u00e1vy o stavu p\u0159\u00edpravy jsme zanech\u00e1vali v mrtv\u00fdch schr\u00e1nk\u00e1ch, kde jsme zase nach\u00e1zeli dal\u0161\u00ed pokyny. Po strastipln\u00e9 cest\u011b p\u0159\u00edprav se n\u00e1m podle pokyn\u016f praprapotomka komorn\u00edka poda\u0159ilo ztracen\u00e9 m\u011bsto nal\u00e9zt i s jeho skvosty. Symbolicky jsme ztracen\u00e9 m\u011bsto p\u0159edali zp\u00e1tky d\u017eungli, kdy\u017e jsme model vstupn\u00ed br\u00e1ny m\u011bsta um\u00edstili na z\u00e1v\u011bre\u010dn\u00fd t\u00e1borov\u00fd ohe\u0148 a ten po zap\u00e1len\u00ed kr\u00e1sn\u011b zajel doprost\u0159ed plamen\u016f, kter\u00e9 ho pohltily.<br \/><\/p>\n","protected":false},"excerpt":{"rendered":"<p>T\u00e1bor 2012 n\u00e1s sice ponechal v p\u0159\u00edtomnosti, ale zpr\u00e1vy jednoho praprapotomka komorn\u00edka n\u00e1s poslal na cestu za hled\u00e1n\u00edm &#8222;Ztracen\u00e9ho m\u011bsta&#8220;. Legenda, kterou jsme z\u00edskali od praprapotomka komorn\u00edka, o tomto ztracen\u00e9m m\u011bst\u011b n\u00e1s m\u011bla dov\u00e9st do m\u00edst, kde z\u016fstalo poh\u0159beno cel\u00e9 m\u011bsto v\u010detn\u011b sv\u00fdch poklad\u016f. Aby jsme zvl\u00e1dli cestu hlubokou d\u017eungl\u00ed, museli jsme se na to [&hellip;]<\/p>\n","protected":false},"author":1,"featured_media":0,"parent":36,"menu_order":0,"comment_status":"closed","ping_status":"closed","template":"","meta":{"footnotes":""},"class_list":["post-130","page","type-page","status-publish","hentry"],"_links":{"self":[{"href":"https:\/\/www.lstmanetin.cz\/index.php?rest_route=\/wp\/v2\/pages\/130","targetHints":{"allow":["GET"]}}],"collection":[{"href":"https:\/\/www.lstmanetin.cz\/index.php?rest_route=\/wp\/v2\/pages"}],"about":[{"href":"https:\/\/www.lstmanetin.cz\/index.php?rest_route=\/wp\/v2\/types\/page"}],"author":[{"embeddable":true,"href":"https:\/\/www.lstmanetin.cz\/index.php?rest_route=\/wp\/v2\/users\/1"}],"replies":[{"embeddable":true,"href":"https:\/\/www.lstmanetin.cz\/index.php?rest_route=%2Fwp%2Fv2%2Fcomments&post=130"}],"version-history":[{"count":4,"href":"https:\/\/www.lstmanetin.cz\/index.php?rest_route=\/wp\/v2\/pages\/130\/revisions"}],"predecessor-version":[{"id":416,"href":"https:\/\/www.lstmanetin.cz\/index.php?rest_route=\/wp\/v2\/pages\/130\/revisions\/416"}],"up":[{"embeddable":true,"href":"https:\/\/www.lstmanetin.cz\/index.php?rest_route=\/wp\/v2\/pages\/36"}],"wp:attachment":[{"href":"https:\/\/www.lstmanetin.cz\/index.php?rest_route=%2Fwp%2Fv2%2Fmedia&parent=130"}],"curies":[{"name":"wp","href":"https:\/\/api.w.org\/{rel}","templated":true}]}}