{"id":127,"date":"2015-03-07T11:15:15","date_gmt":"2015-03-07T11:15:15","guid":{"rendered":"http:\/\/localhost\/wp\/?page_id=127"},"modified":"2017-07-11T10:58:51","modified_gmt":"2017-07-11T08:58:51","slug":"tabor-2011","status":"publish","type":"page","link":"https:\/\/www.lstmanetin.cz\/?page_id=127","title":{"rendered":"T\u00e1bor 2011"},"content":{"rendered":"<p>V roce 2011 n\u00e1s n\u00e1m\u011bt na\u0161eho t\u00e1bora p\u0159enesl do st\u0159edov\u011bk\u00e9 Anglie za ryt\u00ed\u0159i kulat\u00e9ho stolu. Setkali jsme se nejen s kr\u00e1lem Artu\u0161em, kter\u00e9ho se jeho \u017eena kr\u00e1lovna Guinevera pokou\u0161ela zbavit, aby se mohla st\u00e1t neomezenou vl\u00e1dkyn\u00ed \u0159\u00ed\u0161e, ale i s jeho kouzeln\u00edkem Merlinem, kter\u00fd n\u00e1m pomohl naj\u00edt &#8222;Hv\u011bzdu zdrav\u00ed&#8220; a t\u00edm kr\u00e1le Artu\u0161e zachr\u00e1nit.<br \/>\n<br \/>\nKa\u017edi\u010dk\u00fd den jsme museli plnit rozmary kr\u00e1lovny Guinevery, kter\u00e1 se &#8222;naoko&#8220; sna\u017eila uzdravit nemocn\u00e9ho kr\u00e1le, kter\u00fd ch\u0159adl den ode dne v\u00edce. \u00dakoly jako hled\u00e1n\u00ed dra\u010d\u00edch vajec, rekv\u00edrov\u00e1n\u00ed \u00fazem\u00ed, dob\u00fdv\u00e1n\u00ed pevnost\u00ed \u00fadajn\u00fdch nep\u0159\u00e1tel kr\u00e1le Artu\u0161e, byly nebezpe\u010dn\u00e9 a pln\u00e9 \u00faskal\u00ed a jejich c\u00edl byl jedin\u00fd &#8211; zbavit se i n\u00e1s v\u011brn\u00fdch stoupenc\u016f kr\u00e1le Artu\u0161e. Setkali jsme i se zlou \u010darod\u011bjnic\u00ed, u kter\u00e9 jsme nakonec za t\u011b\u017ece vyd\u011blan\u00e9 pen\u00edze nakoupili st\u0159\u00edpky &#8222;Hv\u011bzdy zdrav\u00ed&#8220;. A podle n\u00e1vodu kouzeln\u00edka Merlina, kter\u00fd n\u00e1m pomohl nejen pomoc\u00ed sv\u00fdch kouzel, ale i dobr\u00fdmi radami, jsme &#8222;Hv\u011bzdu zdrav\u00ed&#8220; sestavili a kr\u00e1le Artu\u0161e zachr\u00e1nil. Jeho odm\u011bna byla sladk\u00e1. A na rozd\u00edl od skute\u010dnosti jsme kr\u00e1lovnu Guineveru nezavrhli, ale m\u00e1me ji r\u00e1di dodnes.<br \/>\n<br \/>\nA \u00fapln\u011b ze sou\u010dasnosti jsme se setkali s plze\u0148sk\u00fdmi z\u00e1chrana\u0159i, kte\u0159\u00ed se na n\u00e1s p\u0159ilet\u011bli pod\u00edvat se sv\u00fdm z\u00e1chran\u00e1\u0159sk\u00fdm vrtuln\u00edkem, kter\u00fd jsme mohli prol\u00e9zt odshora dol\u016f. Nakonec n\u00e1m uk\u00e1zali n\u011bkter\u00e9 prvky ze sv\u00e9 \u010dinnosti a pochlubili se co v\u0161echno se sv\u00fdm vrtuln\u00edkem dovedou.<\/p>\n","protected":false},"excerpt":{"rendered":"<p>V roce 2011 n\u00e1s n\u00e1m\u011bt na\u0161eho t\u00e1bora p\u0159enesl do st\u0159edov\u011bk\u00e9 Anglie za ryt\u00ed\u0159i kulat\u00e9ho stolu. Setkali jsme se nejen s kr\u00e1lem Artu\u0161em, kter\u00e9ho se jeho \u017eena kr\u00e1lovna Guinevera pokou\u0161ela zbavit, aby se mohla st\u00e1t neomezenou vl\u00e1dkyn\u00ed \u0159\u00ed\u0161e, ale i s jeho kouzeln\u00edkem Merlinem, kter\u00fd n\u00e1m pomohl naj\u00edt &#8222;Hv\u011bzdu zdrav\u00ed&#8220; a t\u00edm kr\u00e1le Artu\u0161e zachr\u00e1nit. Ka\u017edi\u010dk\u00fd [&hellip;]<\/p>\n","protected":false},"author":1,"featured_media":0,"parent":36,"menu_order":0,"comment_status":"closed","ping_status":"closed","template":"","meta":{"footnotes":""},"class_list":["post-127","page","type-page","status-publish","hentry"],"_links":{"self":[{"href":"https:\/\/www.lstmanetin.cz\/index.php?rest_route=\/wp\/v2\/pages\/127","targetHints":{"allow":["GET"]}}],"collection":[{"href":"https:\/\/www.lstmanetin.cz\/index.php?rest_route=\/wp\/v2\/pages"}],"about":[{"href":"https:\/\/www.lstmanetin.cz\/index.php?rest_route=\/wp\/v2\/types\/page"}],"author":[{"embeddable":true,"href":"https:\/\/www.lstmanetin.cz\/index.php?rest_route=\/wp\/v2\/users\/1"}],"replies":[{"embeddable":true,"href":"https:\/\/www.lstmanetin.cz\/index.php?rest_route=%2Fwp%2Fv2%2Fcomments&post=127"}],"version-history":[{"count":3,"href":"https:\/\/www.lstmanetin.cz\/index.php?rest_route=\/wp\/v2\/pages\/127\/revisions"}],"predecessor-version":[{"id":327,"href":"https:\/\/www.lstmanetin.cz\/index.php?rest_route=\/wp\/v2\/pages\/127\/revisions\/327"}],"up":[{"embeddable":true,"href":"https:\/\/www.lstmanetin.cz\/index.php?rest_route=\/wp\/v2\/pages\/36"}],"wp:attachment":[{"href":"https:\/\/www.lstmanetin.cz\/index.php?rest_route=%2Fwp%2Fv2%2Fmedia&parent=127"}],"curies":[{"name":"wp","href":"https:\/\/api.w.org\/{rel}","templated":true}]}}