{"id":123,"date":"2015-03-07T11:14:28","date_gmt":"2015-03-07T11:14:28","guid":{"rendered":"http:\/\/localhost\/wp\/?page_id=123"},"modified":"2017-07-11T10:57:18","modified_gmt":"2017-07-11T08:57:18","slug":"tabor-2009","status":"publish","type":"page","link":"https:\/\/www.lstmanetin.cz\/?page_id=123","title":{"rendered":"T\u00e1bor 2009"},"content":{"rendered":"<p>I v roce 2009 jsme si jako n\u00e1m\u011bt na\u0161eho t\u00e1bora vybrali p\u0159\u00edb\u011bh z knihy. Tentokr\u00e1t vyhr\u00e1l p\u0159\u00edb\u011bh, kter\u00fd napsal Robert Luis Stevenson &#8211; &#8222;Ostrov poklad\u016f&#8220;. Tento p\u0159\u00edb\u011bh n\u00e1s p\u0159enesl na mo\u0159e do dob pir\u00e1t\u016f a bukan\u00fdr\u016f, a samoz\u0159ejm\u011b na k\u00fd\u017een\u00fd ostrov s ukryt\u00fdm pokladem.<br \/>\n<br \/>\nV duchu p\u0159\u00edb\u011bhu jsme i my postupovali jako Jim Hawkins, z\u00edskali jsme mapu ostrova s pokladem, sehnali jsme pos\u00e1dku a lo\u010f a po nezbytn\u00fdch p\u0159\u00edprav\u00e1ch jsme vyrazili na dobrodru\u017enou cestu. Chv\u00edli jsme byli pir\u00e1ti, chv\u00edli zase v\u011brn\u00ed kapit\u00e1na Smolleta a vedli n\u00e1ro\u010dn\u00e9 bitvy a souboje. Taky jsme si vyzkou\u0161eli jak se c\u00edtil pir\u00e1t \u010cern\u00fd pes,kter\u00fd byl slep\u00fd. Ale po strastipln\u00e9 cest\u011b jsme kone\u010dn\u011b dorazili na k\u00fd\u017een\u00fd ostrov s pokladem. Jak\u00e9 bylo na\u0161e p\u0159ekvapen\u00ed, kdy\u017e jsme zjistili, \u017ee n\u00e1s n\u011bkdo p\u0159ede\u0161el. Na\u0161t\u011bst\u00ed i my jsme nalezli star\u00e9ho pir\u00e1ta Bena Guna, kter\u00fd byl t\u00edm kdo n\u00e1s p\u0159ede\u0161el. Za jeho z\u00e1chranu jsme po p\u0159emo\u017een\u00ed pir\u00e1t\u016f veden\u00fdch Johnem Silverem p\u0159ece jenom poklad z\u00edskali.<br \/>\n<br \/>\nTaky se za n\u00e1mi zastavil D\u011bde\u010dek (Napi) se sv\u00fdmi indi\u00e1nsk\u00fdmi a trapersk\u00fdmi kamar\u00e1dy, kdy jsme si mohli prohl\u00e9dnou malou \u010d\u00e1st v\u00fdstroje a v\u00fdzbroje indi\u00e1n\u016f a traper\u016f. A hlavn\u011b p\u0159ivedli uk\u00e1zat sv\u00e9 \u010dty\u0159noh\u00e9 mil\u00e1\u010dky &#8211; kon\u011b. A nechali n\u00e1s sv\u00e9zt! To byla par\u00e1da.<\/p>\n","protected":false},"excerpt":{"rendered":"<p>I v roce 2009 jsme si jako n\u00e1m\u011bt na\u0161eho t\u00e1bora vybrali p\u0159\u00edb\u011bh z knihy. Tentokr\u00e1t vyhr\u00e1l p\u0159\u00edb\u011bh, kter\u00fd napsal Robert Luis Stevenson &#8211; &#8222;Ostrov poklad\u016f&#8220;. Tento p\u0159\u00edb\u011bh n\u00e1s p\u0159enesl na mo\u0159e do dob pir\u00e1t\u016f a bukan\u00fdr\u016f, a samoz\u0159ejm\u011b na k\u00fd\u017een\u00fd ostrov s ukryt\u00fdm pokladem. V duchu p\u0159\u00edb\u011bhu jsme i my postupovali jako Jim Hawkins, z\u00edskali [&hellip;]<\/p>\n","protected":false},"author":1,"featured_media":0,"parent":36,"menu_order":0,"comment_status":"closed","ping_status":"closed","template":"","meta":{"footnotes":""},"class_list":["post-123","page","type-page","status-publish","hentry"],"_links":{"self":[{"href":"https:\/\/www.lstmanetin.cz\/index.php?rest_route=\/wp\/v2\/pages\/123","targetHints":{"allow":["GET"]}}],"collection":[{"href":"https:\/\/www.lstmanetin.cz\/index.php?rest_route=\/wp\/v2\/pages"}],"about":[{"href":"https:\/\/www.lstmanetin.cz\/index.php?rest_route=\/wp\/v2\/types\/page"}],"author":[{"embeddable":true,"href":"https:\/\/www.lstmanetin.cz\/index.php?rest_route=\/wp\/v2\/users\/1"}],"replies":[{"embeddable":true,"href":"https:\/\/www.lstmanetin.cz\/index.php?rest_route=%2Fwp%2Fv2%2Fcomments&post=123"}],"version-history":[{"count":5,"href":"https:\/\/www.lstmanetin.cz\/index.php?rest_route=\/wp\/v2\/pages\/123\/revisions"}],"predecessor-version":[{"id":415,"href":"https:\/\/www.lstmanetin.cz\/index.php?rest_route=\/wp\/v2\/pages\/123\/revisions\/415"}],"up":[{"embeddable":true,"href":"https:\/\/www.lstmanetin.cz\/index.php?rest_route=\/wp\/v2\/pages\/36"}],"wp:attachment":[{"href":"https:\/\/www.lstmanetin.cz\/index.php?rest_route=%2Fwp%2Fv2%2Fmedia&parent=123"}],"curies":[{"name":"wp","href":"https:\/\/api.w.org\/{rel}","templated":true}]}}