{"id":121,"date":"2015-03-07T11:13:59","date_gmt":"2015-03-07T11:13:59","guid":{"rendered":"http:\/\/localhost\/wp\/?page_id=121"},"modified":"2017-07-11T10:56:44","modified_gmt":"2017-07-11T08:56:44","slug":"tabor-2008","status":"publish","type":"page","link":"https:\/\/www.lstmanetin.cz\/?page_id=121","title":{"rendered":"T\u00e1bor 2008"},"content":{"rendered":"<p>V roce 2008 jsme si jako n\u00e1m\u011bt t\u00e1bora vybrali hled\u00e1n\u00ed vz\u00e1cn\u00e9ho kipu (uzl\u00edkov\u00e9 p\u00edsmo inck\u00fdch indi\u00e1n\u016f), kter\u00e9 n\u00e1s m\u011blo dov\u00e9st k tajemn\u00e9mu b\u00e1jn\u00e9mu pokladu. P\u0159\u00edb\u011bh se odv\u00edjel v Ji\u017en\u00ed Americe podle kn\u00ed\u017eek Karla Maye &#8211; &#8222;Na Rio de la Plata&#8220; a &#8222;V Kordiler\u00e1ch&#8220;.<br \/>\n<br \/>\nDobrodru\u017en\u00e1 cesta z Buenos Aires p\u0159es tajemn\u00e9 a velmi nebezpe\u010dn\u00e9 Gran Chaco n\u00e1s m\u011bla p\u0159iv\u00e9st do Tucum\u00e1nu ve vzd\u00e1len\u00fdch And\u00e1ch. V m\u00edsty neproniknuteln\u00e9m Gran Chacu jsme se setkali s domorod\u00fdmi yerbatery (sb\u011bra\u010di \u010daje), kte\u0159\u00ed byli p\u0159\u00e1tel\u0161t\u00ed a v\u017edy ochotni n\u00e1m pomoci. Samoz\u0159ejmost\u00ed byly p\u016ftky s m\u00edstn\u00edmi indi\u00e1ny, kte\u0159\u00ed jsou daleko z\u00e1ke\u0159n\u011bj\u0161\u00ed a m\u00e9n\u011b p\u0159\u00e1tel\u0161t\u00ed ve srovn\u00e1n\u00ed s indi\u00e1ny severoamerick\u00fdmi. Na\u0161e le\u017een\u00ed nav\u0161t\u00edvil domorodec Pedro Ainas, kter\u00fd n\u00e1m poskytl velice u\u017eite\u010dn\u00e9 informace. My jsme mu na opl\u00e1tku v\u011bnovali vlastnoru\u010dn\u011b vyroben\u00e9 \u0161perky a ozdoby pro jeho \u017eenu, kter\u00e1 se velmi r\u00e1da par\u00e1dila. Na konci na\u0161\u00ed cesty jsme se dostali do s\u00eddla zem\u0159el\u00e9ho \u010desk\u00e9ho entomologa Papr\u010dky a po rozlu\u0161t\u011bn\u00ed jeho dopisu na rozlou\u010denou jsme se dozv\u011bd\u011bli, \u017ee vz\u00e1cn\u00e9 kipu je ji\u017e rozlu\u0161t\u011bno a je majetkem mnich\u016f v nedalek\u00e9m kl\u00e1\u0161te\u0159e. P\u0159esto jsme ale nav\u0161t\u00edvili m\u00edsto kde byl p\u016fvodn\u011b ulo\u017een b\u00e1jn\u00fd inck\u00fd poklad a na\u0161li je\u0161t\u011b jeho neobjeven\u00e9 zbytky.<br \/>\n<br \/>\nVe voln\u00fdch chv\u00edl\u00edch n\u00e1s nav\u0161t\u00edvili kamar\u00e1di z klubu &#8222;Maniac Offroaders&#8220;, kte\u0159\u00ed n\u00e1s svezli cestou necestou (doslova) v offroadov\u00fdch autech. A d\u00edky kamar\u00e1dovi Jirkovi Netopil\u00edkovi z vedlej\u0161\u00edho t\u00e1bora jsme op\u011bt m\u011bli mo\u017enost jezdit na provizorn\u00ed lanovce p\u0159es hlubokou str\u017e.<\/p>\n","protected":false},"excerpt":{"rendered":"<p>V roce 2008 jsme si jako n\u00e1m\u011bt t\u00e1bora vybrali hled\u00e1n\u00ed vz\u00e1cn\u00e9ho kipu (uzl\u00edkov\u00e9 p\u00edsmo inck\u00fdch indi\u00e1n\u016f), kter\u00e9 n\u00e1s m\u011blo dov\u00e9st k tajemn\u00e9mu b\u00e1jn\u00e9mu pokladu. P\u0159\u00edb\u011bh se odv\u00edjel v Ji\u017en\u00ed Americe podle kn\u00ed\u017eek Karla Maye &#8211; &#8222;Na Rio de la Plata&#8220; a &#8222;V Kordiler\u00e1ch&#8220;. Dobrodru\u017en\u00e1 cesta z Buenos Aires p\u0159es tajemn\u00e9 a velmi nebezpe\u010dn\u00e9 Gran Chaco [&hellip;]<\/p>\n","protected":false},"author":1,"featured_media":0,"parent":36,"menu_order":0,"comment_status":"closed","ping_status":"closed","template":"","meta":{"footnotes":""},"class_list":["post-121","page","type-page","status-publish","hentry"],"_links":{"self":[{"href":"https:\/\/www.lstmanetin.cz\/index.php?rest_route=\/wp\/v2\/pages\/121","targetHints":{"allow":["GET"]}}],"collection":[{"href":"https:\/\/www.lstmanetin.cz\/index.php?rest_route=\/wp\/v2\/pages"}],"about":[{"href":"https:\/\/www.lstmanetin.cz\/index.php?rest_route=\/wp\/v2\/types\/page"}],"author":[{"embeddable":true,"href":"https:\/\/www.lstmanetin.cz\/index.php?rest_route=\/wp\/v2\/users\/1"}],"replies":[{"embeddable":true,"href":"https:\/\/www.lstmanetin.cz\/index.php?rest_route=%2Fwp%2Fv2%2Fcomments&post=121"}],"version-history":[{"count":4,"href":"https:\/\/www.lstmanetin.cz\/index.php?rest_route=\/wp\/v2\/pages\/121\/revisions"}],"predecessor-version":[{"id":298,"href":"https:\/\/www.lstmanetin.cz\/index.php?rest_route=\/wp\/v2\/pages\/121\/revisions\/298"}],"up":[{"embeddable":true,"href":"https:\/\/www.lstmanetin.cz\/index.php?rest_route=\/wp\/v2\/pages\/36"}],"wp:attachment":[{"href":"https:\/\/www.lstmanetin.cz\/index.php?rest_route=%2Fwp%2Fv2%2Fmedia&parent=121"}],"curies":[{"name":"wp","href":"https:\/\/api.w.org\/{rel}","templated":true}]}}