{"id":115,"date":"2015-03-07T11:07:23","date_gmt":"2015-03-07T11:07:23","guid":{"rendered":"http:\/\/localhost\/wp\/?page_id=115"},"modified":"2017-07-11T10:55:42","modified_gmt":"2017-07-11T08:55:42","slug":"tabor-2007","status":"publish","type":"page","link":"https:\/\/www.lstmanetin.cz\/?page_id=115","title":{"rendered":"T\u00e1bor 2007"},"content":{"rendered":"<p>N\u00e1m\u011btem t\u00e1bora v roce 2007 byly p\u0159\u00edb\u011bhy slavn\u00fdch galsk\u00fdch hrdin\u016f<strong> Asterixe a Obelixe<\/strong>, samoz\u0159ejm\u011b jsme se setkali s galsk\u00fdm druidem Panoramixem, kter\u00fd pro celou vesnici va\u0159il kouzeln\u00fd n\u00e1poj, kter\u00fd jak zn\u00e1mo d\u011blal z vesni\u010dan\u016f nep\u0159emo\u017eiteln\u00e9 hrdiny.<br \/>\n<br \/>\nSpole\u010dn\u011b jsme na\u0161li v\u016fdce pa\u0161er\u00e1k\u016f zlat\u00fdch srp\u016f, do\u0161li do dalek\u00e9 Lut\u00e9cie, p\u0159emohli podl\u00e9 Vikingy, postavili pal\u00e1c pro egyptskou kr\u00e1lovnu Kleopatru a za\u017eili dal\u0161\u00ed dobrodru\u017estv\u00ed podle jednotliv\u00fdch p\u0159\u00edb\u011bh\u016f t\u011bchto galsk\u00fdch hrdin\u016f. P\u0159i tom v\u0161em byly na po\u0159adu ka\u017edodenn\u00ed boje s \u0159\u00edmsk\u00fdmi voj\u00e1ky.<br \/>\n<br \/>\nNad r\u00e1mec galsk\u00fdch p\u0159\u00edb\u011bh\u016f jsme si potom zkusili jak\u00e9 to je l\u00edtat v bal\u00f3nu nebo jezdit na provizorn\u00ed lanovce p\u0159es hlubokou str\u017e.<\/p>\n","protected":false},"excerpt":{"rendered":"<p>N\u00e1m\u011btem t\u00e1bora v roce 2007 byly p\u0159\u00edb\u011bhy slavn\u00fdch galsk\u00fdch hrdin\u016f Asterixe a Obelixe, samoz\u0159ejm\u011b jsme se setkali s galsk\u00fdm druidem Panoramixem, kter\u00fd pro celou vesnici va\u0159il kouzeln\u00fd n\u00e1poj, kter\u00fd jak zn\u00e1mo d\u011blal z vesni\u010dan\u016f nep\u0159emo\u017eiteln\u00e9 hrdiny. Spole\u010dn\u011b jsme na\u0161li v\u016fdce pa\u0161er\u00e1k\u016f zlat\u00fdch srp\u016f, do\u0161li do dalek\u00e9 Lut\u00e9cie, p\u0159emohli podl\u00e9 Vikingy, postavili pal\u00e1c pro egyptskou kr\u00e1lovnu [&hellip;]<\/p>\n","protected":false},"author":1,"featured_media":0,"parent":36,"menu_order":0,"comment_status":"closed","ping_status":"closed","template":"","meta":{"footnotes":""},"class_list":["post-115","page","type-page","status-publish","hentry"],"_links":{"self":[{"href":"https:\/\/www.lstmanetin.cz\/index.php?rest_route=\/wp\/v2\/pages\/115","targetHints":{"allow":["GET"]}}],"collection":[{"href":"https:\/\/www.lstmanetin.cz\/index.php?rest_route=\/wp\/v2\/pages"}],"about":[{"href":"https:\/\/www.lstmanetin.cz\/index.php?rest_route=\/wp\/v2\/types\/page"}],"author":[{"embeddable":true,"href":"https:\/\/www.lstmanetin.cz\/index.php?rest_route=\/wp\/v2\/users\/1"}],"replies":[{"embeddable":true,"href":"https:\/\/www.lstmanetin.cz\/index.php?rest_route=%2Fwp%2Fv2%2Fcomments&post=115"}],"version-history":[{"count":1,"href":"https:\/\/www.lstmanetin.cz\/index.php?rest_route=\/wp\/v2\/pages\/115\/revisions"}],"predecessor-version":[{"id":277,"href":"https:\/\/www.lstmanetin.cz\/index.php?rest_route=\/wp\/v2\/pages\/115\/revisions\/277"}],"up":[{"embeddable":true,"href":"https:\/\/www.lstmanetin.cz\/index.php?rest_route=\/wp\/v2\/pages\/36"}],"wp:attachment":[{"href":"https:\/\/www.lstmanetin.cz\/index.php?rest_route=%2Fwp%2Fv2%2Fmedia&parent=115"}],"curies":[{"name":"wp","href":"https:\/\/api.w.org\/{rel}","templated":true}]}}